{"id":355,"date":"2017-04-22T17:03:48","date_gmt":"2017-04-22T17:03:48","guid":{"rendered":"http:\/\/www.atelier-makassar.fr\/site\/?page_id=355"},"modified":"2017-04-24T09:40:27","modified_gmt":"2017-04-24T09:40:27","slug":"savoir-faire","status":"publish","type":"page","link":"https:\/\/www.atelier-makassar.fr\/site\/","title":{"rendered":"Savoir-faire"},"content":{"rendered":"<h3>Particuliers &amp; professionnels<br \/>\nEtudes &amp; Conceptions<br \/>\nR\u00e9alisations sur-mesure<br \/>\nFinitions &amp; laques<\/h3>\n<p><strong>Yann Le Gal, dipl\u00f4m\u00e9 de l\u2019Ecole Boulle 2005<\/strong><br \/>\n<strong> Atelier Makassar cr\u00e9\u00e9 en 2010<\/strong><\/p>\n","protected":false},"excerpt":{"rendered":"<p>Particuliers &amp; professionnels Etudes &amp; Conceptions R\u00e9alisations sur-mesure Finitions &amp; laques Yann Le Gal, dipl\u00f4m\u00e9 de l\u2019Ecole Boulle 2005 Atelier Makassar cr\u00e9\u00e9 en 2010<\/p>\n","protected":false},"author":1,"featured_media":356,"parent":0,"menu_order":0,"comment_status":"closed","ping_status":"closed","template":"","meta":{"ngg_post_thumbnail":0,"footnotes":""},"_links":{"self":[{"href":"https:\/\/www.atelier-makassar.fr\/site\/wp-json\/wp\/v2\/pages\/355"}],"collection":[{"href":"https:\/\/www.atelier-makassar.fr\/site\/wp-json\/wp\/v2\/pages"}],"about":[{"href":"https:\/\/www.atelier-makassar.fr\/site\/wp-json\/wp\/v2\/types\/page"}],"author":[{"embeddable":true,"href":"https:\/\/www.atelier-makassar.fr\/site\/wp-json\/wp\/v2\/users\/1"}],"replies":[{"embeddable":true,"href":"https:\/\/www.atelier-makassar.fr\/site\/wp-json\/wp\/v2\/comments?post=355"}],"version-history":[{"count":16,"href":"https:\/\/www.atelier-makassar.fr\/site\/wp-json\/wp\/v2\/pages\/355\/revisions"}],"predecessor-version":[{"id":427,"href":"https:\/\/www.atelier-makassar.fr\/site\/wp-json\/wp\/v2\/pages\/355\/revisions\/427"}],"wp:featuredmedia":[{"embeddable":true,"href":"https:\/\/www.atelier-makassar.fr\/site\/wp-json\/wp\/v2\/media\/356"}],"wp:attachment":[{"href":"https:\/\/www.atelier-makassar.fr\/site\/wp-json\/wp\/v2\/media?parent=355"}],"curies":[{"name":"wp","href":"https:\/\/api.w.org\/{rel}","templated":true}]}}