{"id":5,"date":"2011-08-17T21:10:46","date_gmt":"2011-08-17T21:10:46","guid":{"rendered":"http:\/\/www.atelier-makassar.fr\/site\/?page_id=5"},"modified":"2020-04-26T16:20:07","modified_gmt":"2020-04-26T16:20:07","slug":"latelier","status":"publish","type":"page","link":"https:\/\/www.atelier-makassar.fr\/site\/latelier\/","title":{"rendered":"Atelier"},"content":{"rendered":"<p style=\"text-align: left;\">Dipl\u00f4m\u00e9 de l\u2019Ecole Boulle en 2005, ayant offici\u00e9 \u00e0 Paris puis Reims, Yann Le Gal cr\u00e9e l\u2019Atelier Makassar en 2010 \u00e0 Angoul\u00eame. Epaul\u00e9 par une \u00e9quipe de choc, il con\u00e7oit et r\u00e9alise du mobilier sur mesure, des agencements, restaure tout type d\u2019objet. Sa fid\u00e9lit\u00e9 au savoir-faire traditionnel et sa sensibilit\u00e9 au design contemporain l\u2019ont naturellement amen\u00e9 \u00e0 placer certaines valeurs essentielles au c\u0153ur de son activit\u00e9.<\/p>\n<p>Analyse et compr\u00e9hension des besoins, r\u00e9activit\u00e9 : une v\u00e9ritable alchimie s\u2019op\u00e8re entre les envies du client et le langage de la mati\u00e8re. Visites sur place, plans et maquettes permettent de cerner au plus pr\u00e8s les caract\u00e8res du projet. Des mod\u00e9lisations informatiques peuvent \u00eatre r\u00e9alis\u00e9es, puis ins\u00e9r\u00e9es sur des photographies de l\u2019environnement de destination. Toutes ces \u00e9tapes pr\u00e9alables garantissent au commanditaire une s\u00e9r\u00e9nit\u00e9 totale, aucun doute n\u2019\u00e9tant possible sur la validit\u00e9 de son projet.<\/p>\n<p>Au carrefour des enjeux de la cr\u00e9ation artisanale : l\u2019emploi de techniques modernes, dans le respect des normes d\u2019excellence de l\u2019\u00e9b\u00e9nisterie fran\u00e7aise du XVIII\u00e8me si\u00e8cle, permet de maintenir une continuit\u00e9 entre tradition et avant-garde.<\/p>\n<p>Un respect total de la cha\u00eene de fabrication : chaque phase est particuli\u00e8rement soign\u00e9e afin d\u2019assurer la p\u00e9rennit\u00e9 de l\u2019objet, sa qualit\u00e9 irr\u00e9prochable, gage d\u2019une \u00e9ventuelle transmission sur plusieurs g\u00e9n\u00e9rations.<\/p>\n<p><!-- [nggallery id=11] --><br \/>\n\n\t\t<!-- MasterSlider -->\n\t\t<div id=\"P_MS69ed905969cbd\" class=\"master-slider-parent msl ms-parent-id-1\" style=\"max-width:800px;\">\n\n\t\t\t\n\t\t\t<!-- MasterSlider Main -->\n\t\t\t<div id=\"MS69ed905969cbd\" class=\"master-slider ms-skin-metro\" >\n\t\t\t\t \t\t\t\t \n\t\t\t\t<div  class=\"ms-slide\" data-delay=\"3\" data-fill-mode=\"fill\"  >\n\t\t\t\t\t<img decoding=\"async\" src=\"https:\/\/www.atelier-makassar.fr\/site\/wp-content\/plugins\/master-slider\/public\/assets\/css\/blank.gif\" alt=\"\" title=\"\" data-src=\"https:\/\/www.atelier-makassar.fr\/site\/wp-content\/uploads\/2017\/04\/dsc_0004-voeux-1-800x480.jpg\" \/>\n\n\n\t<img decoding=\"async\" class=\"ms-thumb\" src=\"https:\/\/www.atelier-makassar.fr\/site\/wp-content\/uploads\/2017\/04\/dsc_0004-voeux-1-100x80.jpg\" alt=\"\" \/>\n\t<div class=\"ms-thumb\" ><div class=\"ms-tab-context\"><div class=&quot;ms-tab-context&quot;><\/div><\/div>\n<\/div>\n\t\t\t\t<\/div>\n\t\t\t\t<div  class=\"ms-slide\" data-delay=\"3\" data-fill-mode=\"fill\"  >\n\t\t\t\t\t<img decoding=\"async\" src=\"https:\/\/www.atelier-makassar.fr\/site\/wp-content\/plugins\/master-slider\/public\/assets\/css\/blank.gif\" alt=\"\" title=\"\" data-src=\"https:\/\/www.atelier-makassar.fr\/site\/wp-content\/uploads\/2017\/04\/moi1.jpg\" \/>\n\n\n\t<img decoding=\"async\" class=\"ms-thumb\" src=\"https:\/\/www.atelier-makassar.fr\/site\/wp-content\/uploads\/2017\/04\/moi1-100x80.jpg\" alt=\"\" \/>\n\t<div class=\"ms-thumb\" ><div class=\"ms-tab-context\"><div class=&quot;ms-tab-context&quot;><\/div><\/div>\n<\/div>\n\t\t\t\t<\/div>\n\t\t\t\t<div  class=\"ms-slide\" data-delay=\"3\" data-fill-mode=\"fill\"  >\n\t\t\t\t\t<img decoding=\"async\" src=\"https:\/\/www.atelier-makassar.fr\/site\/wp-content\/plugins\/master-slider\/public\/assets\/css\/blank.gif\" alt=\"\" title=\"\" data-src=\"https:\/\/www.atelier-makassar.fr\/site\/wp-content\/uploads\/2017\/04\/ambiance4.jpg\" \/>\n\n\n\t<img decoding=\"async\" class=\"ms-thumb\" src=\"https:\/\/www.atelier-makassar.fr\/site\/wp-content\/uploads\/2017\/04\/ambiance4-100x80.jpg\" alt=\"\" \/>\n\t<div class=\"ms-thumb\" ><div class=\"ms-tab-context\"><div class=&quot;ms-tab-context&quot;><\/div><\/div>\n<\/div>\n\t\t\t\t<\/div>\n\t\t\t\t<div  class=\"ms-slide\" data-delay=\"3\" data-fill-mode=\"fill\"  >\n\t\t\t\t\t<img decoding=\"async\" src=\"https:\/\/www.atelier-makassar.fr\/site\/wp-content\/plugins\/master-slider\/public\/assets\/css\/blank.gif\" alt=\"\" title=\"\" data-src=\"https:\/\/www.atelier-makassar.fr\/site\/wp-content\/uploads\/2017\/04\/ambiance3-1.jpg\" \/>\n\n\n\t<img decoding=\"async\" class=\"ms-thumb\" src=\"https:\/\/www.atelier-makassar.fr\/site\/wp-content\/uploads\/2017\/04\/ambiance3-1-100x80.jpg\" alt=\"\" \/>\n\t<div class=\"ms-thumb\" ><div class=\"ms-tab-context\"><div class=&quot;ms-tab-context&quot;><\/div><\/div>\n<\/div>\n\t\t\t\t<\/div>\n\t\t\t\t<div  class=\"ms-slide\" data-delay=\"3\" data-fill-mode=\"fill\"  >\n\t\t\t\t\t<img decoding=\"async\" src=\"https:\/\/www.atelier-makassar.fr\/site\/wp-content\/plugins\/master-slider\/public\/assets\/css\/blank.gif\" alt=\"\" title=\"\" data-src=\"https:\/\/www.atelier-makassar.fr\/site\/wp-content\/uploads\/2017\/04\/ambiance6.jpg\" \/>\n\n\n\t<img decoding=\"async\" class=\"ms-thumb\" src=\"https:\/\/www.atelier-makassar.fr\/site\/wp-content\/uploads\/2017\/04\/ambiance6-100x80.jpg\" alt=\"\" \/>\n\t<div class=\"ms-thumb\" ><div class=\"ms-tab-context\"><div class=&quot;ms-tab-context&quot;><\/div><\/div>\n<\/div>\n\t\t\t\t<\/div>\n\t\t\t\t<div  class=\"ms-slide\" data-delay=\"3\" data-fill-mode=\"fill\"  >\n\t\t\t\t\t<img decoding=\"async\" src=\"https:\/\/www.atelier-makassar.fr\/site\/wp-content\/plugins\/master-slider\/public\/assets\/css\/blank.gif\" alt=\"\" title=\"\" data-src=\"https:\/\/www.atelier-makassar.fr\/site\/wp-content\/uploads\/2017\/04\/atelier2.jpg\" \/>\n\n\n\t<img decoding=\"async\" class=\"ms-thumb\" src=\"https:\/\/www.atelier-makassar.fr\/site\/wp-content\/uploads\/2017\/04\/atelier2-100x80.jpg\" alt=\"\" \/>\n\t<div class=\"ms-thumb\" ><div class=\"ms-tab-context\"><div class=&quot;ms-tab-context&quot;><\/div><\/div>\n<\/div>\n\t\t\t\t<\/div>\n\t\t\t\t<div  class=\"ms-slide\" data-delay=\"3\" data-fill-mode=\"fill\"  >\n\t\t\t\t\t<img decoding=\"async\" src=\"https:\/\/www.atelier-makassar.fr\/site\/wp-content\/plugins\/master-slider\/public\/assets\/css\/blank.gif\" alt=\"\" title=\"\" data-src=\"https:\/\/www.atelier-makassar.fr\/site\/wp-content\/uploads\/2017\/04\/ambiance1.jpg\" \/>\n\n\n\t<img decoding=\"async\" class=\"ms-thumb\" src=\"https:\/\/www.atelier-makassar.fr\/site\/wp-content\/uploads\/2017\/04\/ambiance1-100x80.jpg\" alt=\"\" \/>\n\t<div class=\"ms-thumb\" ><div class=\"ms-tab-context\"><div class=&quot;ms-tab-context&quot;><\/div><\/div>\n<\/div>\n\t\t\t\t<\/div>\n\t\t\t\t<div  class=\"ms-slide\" data-delay=\"3\" data-fill-mode=\"fill\"  >\n\t\t\t\t\t<img decoding=\"async\" src=\"https:\/\/www.atelier-makassar.fr\/site\/wp-content\/plugins\/master-slider\/public\/assets\/css\/blank.gif\" alt=\"\" title=\"\" data-src=\"https:\/\/www.atelier-makassar.fr\/site\/wp-content\/uploads\/2017\/04\/p4020269.jpg\" \/>\n\n\n\t<img decoding=\"async\" class=\"ms-thumb\" src=\"https:\/\/www.atelier-makassar.fr\/site\/wp-content\/uploads\/2017\/04\/p4020269-100x80.jpg\" alt=\"\" \/>\n\t<div class=\"ms-thumb\" ><div class=\"ms-tab-context\"><div class=&quot;ms-tab-context&quot;><\/div><\/div>\n<\/div>\n\t\t\t\t<\/div>\n\t\t\t\t<div  class=\"ms-slide\" data-delay=\"3\" data-fill-mode=\"fill\"  >\n\t\t\t\t\t<img decoding=\"async\" src=\"https:\/\/www.atelier-makassar.fr\/site\/wp-content\/plugins\/master-slider\/public\/assets\/css\/blank.gif\" alt=\"\" title=\"\" data-src=\"https:\/\/www.atelier-makassar.fr\/site\/wp-content\/uploads\/2017\/04\/int.jpg\" \/>\n\n\n\t<img decoding=\"async\" class=\"ms-thumb\" src=\"https:\/\/www.atelier-makassar.fr\/site\/wp-content\/uploads\/2017\/04\/int-100x80.jpg\" alt=\"\" \/>\n\t<div class=\"ms-thumb\" ><div class=\"ms-tab-context\"><div class=&quot;ms-tab-context&quot;><\/div><\/div>\n<\/div>\n\t\t\t\t<\/div>\n\n\t\t\t<\/div>\n\t\t\t<!-- END MasterSlider Main -->\n\n\t\t\t \n\t\t<\/div>\n\t\t<!-- END MasterSlider -->\n\n\t\t<script>\n\t\t(function ( $ ) {\n\t\t\t\"use strict\";\n\n\t\t\t$(function () {\n\t\t\t\tvar masterslider_9cbd = new MasterSlider();\n\n\t\t\t\t\/\/ slider controls\n\t\t\t\tmasterslider_9cbd.control('arrows'     ,{ autohide:true, overVideo:true , hideUnder:800 });\t\t\t\tmasterslider_9cbd.control('bullets'    ,{ autohide:false, overVideo:true, dir:'h', align:'bottom' , margin:10  });\n\n\t\t\t\tmasterslider_9cbd.control('thumblist'  ,{ autohide:false, overVideo:true, dir:'h', speed:17, inset:false, arrows:false, hover:false, customClass:'', align:'bottom',type:'thumbs', margin:10, width:100, height:80, space:5, fillMode:'fill'  });\n\t\t\t\t\/\/ slider setup\n\t\t\t\tmasterslider_9cbd.setup(\"MS69ed905969cbd\", {\n\t\t\t\t\t\twidth           : 800,\n\t\t\t\t\t\theight          : 480,\n\t\t\t\t\t\tminHeight       : 0,\n\t\t\t\t\t\tspace           : 0,\n\t\t\t\t\t\tstart           : 1,\n\t\t\t\t\t\tgrabCursor      : true,\n\t\t\t\t\t\tswipe           : true,\n\t\t\t\t\t\tmouse           : true,\n\t\t\t\t\t\tlayout          : \"boxed\",\n\t\t\t\t\t\twheel           : true,\n\t\t\t\t\t\tautoplay        : false,\n\t\t\t\t\t\tinstantStartLayers:false,\n\t\t\t\t\t\tloop            : false,\n\t\t\t\t\t\tshuffle         : false,\n\t\t\t\t\t\tpreload         : 0,\n\t\t\t\t\t\theightLimit     : true,\n\t\t\t\t\t\tautoHeight      : true,\n\t\t\t\t\t\tsmoothHeight    : true,\n\t\t\t\t\t\tendPause        : false,\n\t\t\t\t\t\toverPause       : true,\n\t\t\t\t\t\tfillMode        : \"fill\",\n\t\t\t\t\t\tcenterControls  : false,\n\t\t\t\t\t\tstartOnAppear   : false,\n\t\t\t\t\t\tlayersMode      : \"center\",\n\t\t\t\t\t\thideLayers      : false,\n\t\t\t\t\t\tfullscreenMargin: 0,\n\t\t\t\t\t\tspeed           : 20,\n\t\t\t\t\t\tdir             : \"h\",\n\t\t\t\t\t\tparallaxMode    : 'swipe',\n\t\t\t\t\t\tview            : \"basic\"\n\t\t\t\t});\n\n\t\t\t\tmasterslider_9cbd.api.addEventListener(MSSliderEvent.INIT, function(event){\n  var api = event.target;\n} );\n\n\t\t\t\twindow.masterslider_instances = window.masterslider_instances || [];\n\t\t\t\twindow.masterslider_instances.push( masterslider_9cbd );\n\t\t\t });\n\n\t\t})(jQuery);\n\t\t<\/script>\n\n<\/p>\n","protected":false},"excerpt":{"rendered":"<p>Dipl\u00f4m\u00e9 de l\u2019Ecole Boulle en 2005, ayant offici\u00e9 \u00e0 Paris puis Reims, Yann Le Gal cr\u00e9e l\u2019Atelier Makassar en 2010 \u00e0 Angoul\u00eame. Epaul\u00e9 par une \u00e9quipe de choc, il con\u00e7oit et r\u00e9alise du mobilier sur mesure, des agencements, restaure tout type d\u2019objet. Sa fid\u00e9lit\u00e9 au savoir-faire traditionnel et sa sensibilit\u00e9 au design contemporain l\u2019ont naturellement &hellip; <a href=\"https:\/\/www.atelier-makassar.fr\/site\/latelier\/\" class=\"more-link\">Continuer la lecture de <span class=\"screen-reader-text\">Atelier<\/span> <span class=\"meta-nav\">&rarr;<\/span><\/a><\/p>\n","protected":false},"author":1,"featured_media":0,"parent":0,"menu_order":0,"comment_status":"closed","ping_status":"closed","template":"","meta":{"ngg_post_thumbnail":0,"footnotes":""},"_links":{"self":[{"href":"https:\/\/www.atelier-makassar.fr\/site\/wp-json\/wp\/v2\/pages\/5"}],"collection":[{"href":"https:\/\/www.atelier-makassar.fr\/site\/wp-json\/wp\/v2\/pages"}],"about":[{"href":"https:\/\/www.atelier-makassar.fr\/site\/wp-json\/wp\/v2\/types\/page"}],"author":[{"embeddable":true,"href":"https:\/\/www.atelier-makassar.fr\/site\/wp-json\/wp\/v2\/users\/1"}],"replies":[{"embeddable":true,"href":"https:\/\/www.atelier-makassar.fr\/site\/wp-json\/wp\/v2\/comments?post=5"}],"version-history":[{"count":46,"href":"https:\/\/www.atelier-makassar.fr\/site\/wp-json\/wp\/v2\/pages\/5\/revisions"}],"predecessor-version":[{"id":454,"href":"https:\/\/www.atelier-makassar.fr\/site\/wp-json\/wp\/v2\/pages\/5\/revisions\/454"}],"wp:attachment":[{"href":"https:\/\/www.atelier-makassar.fr\/site\/wp-json\/wp\/v2\/media?parent=5"}],"curies":[{"name":"wp","href":"https:\/\/api.w.org\/{rel}","templated":true}]}}